{"id":36361,"date":"2023-05-24T11:10:32","date_gmt":"2023-05-24T15:10:32","guid":{"rendered":"https:\/\/taste-it.ca\/product\/crunchy-cereal-par-the-flavor-apprentice\/"},"modified":"2026-04-10T18:18:27","modified_gmt":"2026-04-10T22:18:27","slug":"crunchy-cereal-par-the-flavor-apprentice","status":"publish","type":"product","link":"https:\/\/taste-it.ca\/fr\/product\/crunchy-cereal-par-the-flavor-apprentice\/","title":{"rendered":"Crunchy Cereal par The Flavor Apprentice"},"content":{"rendered":"<h1>The Flavor Apprentice : Ar\u00f4mes de Qualit\u00e9 Premium Con\u00e7us \u00e0 la Perfection<\/h1>\n<div class=\"description\">\n<h2>Exp\u00e9rimentez le Go\u00fbt Extraordinaire des Ar\u00f4mes de The Flavor Apprentice<\/h2>\n<h3>Qualit\u00e9 Intransigeante :<\/h3>\n<p>The Flavor Apprentice est renomm\u00e9 pour son engagement \u00e0 fournir la plus haute qualit\u00e9. Con\u00e7us avec pr\u00e9cision et soin, ces ar\u00f4mes sont produits en utilisant les meilleures pratiques de l&rsquo;industrie, garantissant des ingr\u00e9dients constants, purs et s\u00fbrs. Faites confiance \u00e0 The Flavor Apprentice pour vous apporter les meilleurs ar\u00f4mes qui \u00e9l\u00e8veront vos cr\u00e9ations \u00e0 de nouveaux sommets.<\/p>\n<h3>Guide de Dilution :<\/h3>\n<p>Pour obtenir l&rsquo;\u00e9quilibre parfait des saveurs, il est recommand\u00e9 de diluer les ar\u00f4mes de The Flavor Apprentice \u00e0 environ 10% \u00e0 15% dans une base 50PG\/50VG. Cependant, les pr\u00e9f\u00e9rences individuelles peuvent varier, alors n&rsquo;h\u00e9sitez pas \u00e0 ajuster la concentration pour convenir \u00e0 votre go\u00fbt. Commencez avec un pourcentage plus faible et augmentez-le progressivement pour trouver votre intensit\u00e9 et profil de saveur d\u00e9sir\u00e9s.<\/p>\n<h3>Divers Formats Disponibles :<\/h3>\n<p>The Flavor Apprentice offre leurs ar\u00f4mes en diff\u00e9rents formats pratiques :<\/p>\n<ul>\n<li>Bouteilles de 10ml : Parfaites pour des petits lots et exp\u00e9rimenter de nouvelles saveurs.<\/li>\n<li>Bouteilles de 30ml : Id\u00e9ales pour une utilisation r\u00e9guli\u00e8re et l&rsquo;\u00e9laboration de vos [&#8230;]s pr\u00e9f\u00e9r\u00e9s.<\/li>\n<li>Bouteilles de 125ml : Pour ceux qui aiment cr\u00e9er de grandes quantit\u00e9s et explorer une large gamme de combinaisons de saveurs.<\/li>\n<\/ul>\n<p>L\u00e2chez votre cr\u00e9ativit\u00e9 et explorez un monde de possibilit\u00e9s de saveurs avec The Flavor Apprentice. Que vous recherchiez des profils classiques, des m\u00e9langes uniques ou des cr\u00e9ations innovantes, leur large gamme d&rsquo;ar\u00f4mes vous inspirera. \u00c9levez votre exp\u00e9rience de [&#8230;] avec les concentr\u00e9s de qualit\u00e9 premium de The Flavor Apprentice et d\u00e9couvrez l&rsquo;art de la cr\u00e9ation de saveurs. Passez votre commande aujourd&rsquo;hui et laissez vos papilles gustatives embarquer pour un voyage remarquable.<\/p>\n<\/div>\n","protected":false},"excerpt":{"rendered":"<p>D\u00e9bloquez un monde de possibilit\u00e9s de saveurs avec The Flavor Apprentice. Leur vaste gamme d&rsquo;ar\u00f4mes de haute qualit\u00e9 vous permet de cr\u00e9er des chefs-d&rsquo;\u0153uvre culinaires uniques et d\u00e9licieux qui titilleront vos papilles gustatives.<\/p>\n","protected":false},"featured_media":36362,"comment_status":"open","ping_status":"closed","template":"","meta":[],"product_brand":[],"product_cat":[2156,2174,2166],"product_tag":[2251,2267,2323],"class_list":{"0":"post-36361","1":"product","2":"type-product","3":"status-publish","4":"has-post-thumbnail","6":"product_cat-aromes-fr","7":"product_cat-americain","8":"product_cat-gourmet-fr","9":"product_tag-cereale","10":"product_tag-croquant","11":"product_tag-gout-de-noix","12":"yith_product_brand-the-flavor-apprentice-fr","14":"first","15":"instock","16":"taxable","17":"shipping-taxable","18":"purchasable","19":"product-type-variable"},"_links":{"self":[{"href":"https:\/\/taste-it.ca\/fr\/wp-json\/wp\/v2\/product\/36361","targetHints":{"allow":["GET"]}}],"collection":[{"href":"https:\/\/taste-it.ca\/fr\/wp-json\/wp\/v2\/product"}],"about":[{"href":"https:\/\/taste-it.ca\/fr\/wp-json\/wp\/v2\/types\/product"}],"replies":[{"embeddable":true,"href":"https:\/\/taste-it.ca\/fr\/wp-json\/wp\/v2\/comments?post=36361"}],"wp:featuredmedia":[{"embeddable":true,"href":"https:\/\/taste-it.ca\/fr\/wp-json\/wp\/v2\/media\/36362"}],"wp:attachment":[{"href":"https:\/\/taste-it.ca\/fr\/wp-json\/wp\/v2\/media?parent=36361"}],"wp:term":[{"taxonomy":"product_brand","embeddable":true,"href":"https:\/\/taste-it.ca\/fr\/wp-json\/wp\/v2\/product_brand?post=36361"},{"taxonomy":"product_cat","embeddable":true,"href":"https:\/\/taste-it.ca\/fr\/wp-json\/wp\/v2\/product_cat?post=36361"},{"taxonomy":"product_tag","embeddable":true,"href":"https:\/\/taste-it.ca\/fr\/wp-json\/wp\/v2\/product_tag?post=36361"}],"curies":[{"name":"wp","href":"https:\/\/api.w.org\/{rel}","templated":true}]}}