{"id":35615,"date":"2023-05-24T11:13:17","date_gmt":"2023-05-24T15:13:17","guid":{"rendered":"https:\/\/taste-it.ca\/product\/ry4-par-the-flavor-apprentice\/"},"modified":"2026-04-10T16:31:32","modified_gmt":"2026-04-10T20:31:32","slug":"ry4-par-the-flavor-apprentice","status":"publish","type":"product","link":"https:\/\/taste-it.ca\/fr\/product\/ry4-par-the-flavor-apprentice\/","title":{"rendered":"RY4 par The Flavor Apprentice"},"content":{"rendered":"<h1>The Flavor Apprentice : Concentr\u00e9s de saveurs de qualit\u00e9 premium \u00e9labor\u00e9s \u00e0 la perfection<\/h1>\n<div class=\"description\">\n<h2>D\u00e9couvrez le go\u00fbt extraordinaire des concentr\u00e9s de saveurs de The Flavor Apprentice<\/h2>\n<h3>Qualit\u00e9 intransigeante :<\/h3>\n<p>The Flavor Apprentice est r\u00e9put\u00e9 pour son engagement \u00e0 offrir une qualit\u00e9 optimale. Elabor\u00e9s avec pr\u00e9cision et soin, ces concentr\u00e9s de saveurs sont produits en utilisant les meilleures pratiques de l&rsquo;industrie, garantissant des ingr\u00e9dients purs, s\u00fbrs et de qualit\u00e9 constante. Faites confiance \u00e0 The Flavor Apprentice pour vous proposer les meilleurs concentr\u00e9s de saveurs qui rehausseront vos cr\u00e9ations \u00e0 de nouveaux sommets.<\/p>\n<h3>Guide de dilution :<\/h3>\n<p>Pour obtenir l&rsquo;\u00e9quilibre parfait des saveurs, il est recommand\u00e9 de diluer les concentr\u00e9s de The Flavor Apprentice \u00e0 environ 10% \u00e0 15% dans une base 50PG\/50VG. Cependant, les pr\u00e9f\u00e9rences individuelles peuvent varier, donc n&rsquo;h\u00e9sitez pas \u00e0 ajuster la concentration selon votre go\u00fbt. Commencez avec un pourcentage plus faible et augmentez progressivement pour trouver l&rsquo;intensit\u00e9 et le profil de saveur souhait\u00e9s.<\/p>\n<h3>Formats vari\u00e9s disponibles :<\/h3>\n<p>The Flavor Apprentice propose ses concentr\u00e9s de saveurs dans diff\u00e9rentes tailles pratiques :<\/p>\n<ul>\n<li>Flacons de 10 ml : Parfaits pour les petites quantit\u00e9s et pour exp\u00e9rimenter de nouvelles saveurs.<\/li>\n<li>Flacons de 30 ml : Id\u00e9aux pour une utilisation r\u00e9guli\u00e8re et la cr\u00e9ation de vos [&#8230;]s pr\u00e9f\u00e9r\u00e9s.<\/li>\n<li>Flacons de 125 ml : Pour ceux qui aiment cr\u00e9er de plus grandes quantit\u00e9s et explorer une large gamme de combinaisons de saveurs.<\/li>\n<\/ul>\n<p>Laissez libre cours \u00e0 votre cr\u00e9ativit\u00e9 et explorez un monde de possibilit\u00e9s de saveurs avec The Flavor Apprentice. Que vous recherchiez des profils classiques, des m\u00e9langes uniques ou des cr\u00e9ations innovantes, leur vaste gamme de concentr\u00e9s de saveurs vous inspirera. Rehaussez votre exp\u00e9rience de [&#8230;] avec les concentr\u00e9s de qualit\u00e9 premium de The Flavor Apprentice et d\u00e9couvrez l&rsquo;art de la cr\u00e9ation de saveurs. Passez votre commande d\u00e8s aujourd&rsquo;hui et laissez vos papilles gustatives embarquer pour un voyage remarquable.<\/p>\n<\/div>\n","protected":false},"excerpt":{"rendered":"<p>D\u00e9bloquez un monde de possibilit\u00e9s de saveurs avec The Flavor Apprentice. Leur vaste gamme d&rsquo;ar\u00f4mes de haute qualit\u00e9 vous permet de cr\u00e9er des chefs-d&rsquo;\u0153uvre culinaires uniques et d\u00e9licieux qui titilleront vos papilles gustatives.<\/p>\n","protected":false},"featured_media":35616,"comment_status":"open","ping_status":"closed","template":"","meta":[],"product_brand":[],"product_cat":[2156,2742,2174,2166,2707,2171],"product_tag":[2249,2429,2663],"class_list":{"0":"post-35615","1":"product","2":"type-product","3":"status-publish","4":"has-post-thumbnail","6":"product_cat-aromes-fr","7":"product_cat-caramel-fr","8":"product_cat-americain","9":"product_cat-gourmet-fr","10":"product_cat-tabac-sucre","11":"product_cat-tabac","12":"product_tag-caramel-fr","13":"product_tag-le-tabac","14":"product_tag-vanilla-fr","15":"yith_product_brand-the-flavor-apprentice-fr","17":"first","18":"instock","19":"taxable","20":"shipping-taxable","21":"purchasable","22":"product-type-variable"},"_links":{"self":[{"href":"https:\/\/taste-it.ca\/fr\/wp-json\/wp\/v2\/product\/35615","targetHints":{"allow":["GET"]}}],"collection":[{"href":"https:\/\/taste-it.ca\/fr\/wp-json\/wp\/v2\/product"}],"about":[{"href":"https:\/\/taste-it.ca\/fr\/wp-json\/wp\/v2\/types\/product"}],"replies":[{"embeddable":true,"href":"https:\/\/taste-it.ca\/fr\/wp-json\/wp\/v2\/comments?post=35615"}],"wp:featuredmedia":[{"embeddable":true,"href":"https:\/\/taste-it.ca\/fr\/wp-json\/wp\/v2\/media\/35616"}],"wp:attachment":[{"href":"https:\/\/taste-it.ca\/fr\/wp-json\/wp\/v2\/media?parent=35615"}],"wp:term":[{"taxonomy":"product_brand","embeddable":true,"href":"https:\/\/taste-it.ca\/fr\/wp-json\/wp\/v2\/product_brand?post=35615"},{"taxonomy":"product_cat","embeddable":true,"href":"https:\/\/taste-it.ca\/fr\/wp-json\/wp\/v2\/product_cat?post=35615"},{"taxonomy":"product_tag","embeddable":true,"href":"https:\/\/taste-it.ca\/fr\/wp-json\/wp\/v2\/product_tag?post=35615"}],"curies":[{"name":"wp","href":"https:\/\/api.w.org\/{rel}","templated":true}]}}