{"id":35027,"date":"2023-05-24T11:08:36","date_gmt":"2023-05-24T15:08:36","guid":{"rendered":"https:\/\/taste-it.ca\/product\/pink-candy-vg-based-par-real-flavors\/"},"modified":"2026-04-11T13:30:18","modified_gmt":"2026-04-11T17:30:18","slug":"pink-candy-vg-based-par-real-flavors","status":"publish","type":"product","link":"https:\/\/taste-it.ca\/fr\/product\/pink-candy-vg-based-par-real-flavors\/","title":{"rendered":"Pink Candy VG based par Real Flavors"},"content":{"rendered":"<h1>Real Flavors : Des concentr\u00e9s exceptionnels pour des exp\u00e9riences gustatives inoubliables<\/h1>\n<div class=\"description\">\n<h2>D\u00e9couvrez le go\u00fbt inoubliable des vraies saveurs<\/h2>\n<h3>Qualit\u00e9 intransigeante :<\/h3>\n<p>Real Flavors est renomm\u00e9 pour son engagement \u00e0 fournir des concentr\u00e9s d&rsquo;une qualit\u00e9 intransigeante. Elabor\u00e9s avec une attention m\u00e9ticuleuse aux d\u00e9tails, ces concentr\u00e9s sont produits \u00e0 partir des meilleurs ingr\u00e9dients, garantissant un go\u00fbt exceptionnel et une consistance parfaite. Faites confiance \u00e0 Real Flavors pour vous fournir des concentr\u00e9s de la plus haute qualit\u00e9 qui sublimeront votre exp\u00e9rience gustative.<\/p>\n<h3>Guide de dilution :<\/h3>\n<p>Pour obtenir l&rsquo;\u00e9quilibre parfait des saveurs, il est recommand\u00e9 de diluer les concentr\u00e9s de Real Flavors \u00e0 environ 10% \u00e0 15% dans une base 50PG\/50VG. Cependant, les pr\u00e9f\u00e9rences individuelles peuvent varier, donc n&rsquo;h\u00e9sitez pas \u00e0 ajuster la concentration selon votre go\u00fbt. Commencez par un pourcentage plus bas et augmentez progressivement pour trouver l&rsquo;intensit\u00e9 et le profil de saveur souhait\u00e9s.<\/p>\n<h3>Formats vari\u00e9s disponibles :<\/h3>\n<p>Real Flavors propose des concentr\u00e9s culinaires dans une vari\u00e9t\u00e9 de tailles pratiques :<\/p>\n<ul>\n<li>Flacons de 10 ml : Parfaits pour les petites pr\u00e9parations et les exp\u00e9rimentations avec de nouvelles combinaisons de saveurs.<\/li>\n<li>Flacons de 30 ml : Id\u00e9aux pour une utilisation r\u00e9guli\u00e8re et la cr\u00e9ation de vos d\u00e9lices culinaires pr\u00e9f\u00e9r\u00e9s.<\/li>\n<li>Flacons de 125 ml : Pour ceux qui aiment cr\u00e9er des quantit\u00e9s plus importantes et explorer une large gamme de saveurs.<\/li>\n<\/ul>\n<p>Lib\u00e9rez votre cr\u00e9ativit\u00e9 et explorez un monde de possibilit\u00e9s de saveurs avec Real Flavors. Que vous recherchiez des profils classiques, des m\u00e9langes uniques ou des cr\u00e9ations innovantes, leur vaste gamme de concentr\u00e9s culinaires vous inspirera. Rehaussez votre exp\u00e9rience gustative avec les concentr\u00e9s de qualit\u00e9 exceptionnelle de Real Flavors et savourez la v\u00e9ritable essence de la saveur. Passez votre commande d\u00e8s aujourd&rsquo;hui et embarquez pour un voyage gustatif remarquable avec Real Flavors.<\/p>\n","protected":false},"excerpt":{"rendered":"<p>Plongez-vous dans le go\u00fbt authentique des vraies saveurs. Elabor\u00e9es avec pr\u00e9cision et passion, leurs saveurs captent la v\u00e9ritable essence des d\u00e9lices culinaires, vous permettant de cr\u00e9er des exp\u00e9riences gustatives m\u00e9morables<\/p>\n","protected":false},"featured_media":35028,"comment_status":"open","ping_status":"closed","template":"","meta":[],"product_brand":[],"product_cat":[2156,2158,2174],"product_tag":[2240,2355],"class_list":{"0":"post-35027","1":"product","2":"type-product","3":"status-publish","4":"has-post-thumbnail","6":"product_cat-aromes-fr","7":"product_cat-candy-fr","8":"product_cat-americain","9":"product_tag-bonbon","10":"product_tag-doux","11":"yith_product_brand-real-flavors-fr","13":"first","14":"instock","15":"taxable","16":"shipping-taxable","17":"purchasable","18":"product-type-variable"},"_links":{"self":[{"href":"https:\/\/taste-it.ca\/fr\/wp-json\/wp\/v2\/product\/35027","targetHints":{"allow":["GET"]}}],"collection":[{"href":"https:\/\/taste-it.ca\/fr\/wp-json\/wp\/v2\/product"}],"about":[{"href":"https:\/\/taste-it.ca\/fr\/wp-json\/wp\/v2\/types\/product"}],"replies":[{"embeddable":true,"href":"https:\/\/taste-it.ca\/fr\/wp-json\/wp\/v2\/comments?post=35027"}],"wp:featuredmedia":[{"embeddable":true,"href":"https:\/\/taste-it.ca\/fr\/wp-json\/wp\/v2\/media\/35028"}],"wp:attachment":[{"href":"https:\/\/taste-it.ca\/fr\/wp-json\/wp\/v2\/media?parent=35027"}],"wp:term":[{"taxonomy":"product_brand","embeddable":true,"href":"https:\/\/taste-it.ca\/fr\/wp-json\/wp\/v2\/product_brand?post=35027"},{"taxonomy":"product_cat","embeddable":true,"href":"https:\/\/taste-it.ca\/fr\/wp-json\/wp\/v2\/product_cat?post=35027"},{"taxonomy":"product_tag","embeddable":true,"href":"https:\/\/taste-it.ca\/fr\/wp-json\/wp\/v2\/product_tag?post=35027"}],"curies":[{"name":"wp","href":"https:\/\/api.w.org\/{rel}","templated":true}]}}