{"id":33454,"date":"2023-05-30T11:18:12","date_gmt":"2023-05-30T15:18:12","guid":{"rendered":"https:\/\/taste-it.ca\/product\/east-coast-par-flavor-west\/"},"modified":"2023-05-30T11:18:12","modified_gmt":"2023-05-30T15:18:12","slug":"east-coast-par-flavor-west","status":"publish","type":"product","link":"https:\/\/taste-it.ca\/fr\/product\/east-coast-par-flavor-west\/","title":{"rendered":"East Coast par Flavor west"},"content":{"rendered":"<h1>Flavor West Aromas: Concentr\u00e9s de qualit\u00e9 sup\u00e9rieure perfectionn\u00e9s par Taste It!<\/h1>\n<div class=\"description\">\n<h2>Exp\u00e9rimentez le go\u00fbt exceptionnel et la qualit\u00e9 des concentr\u00e9s de saveurs Flavor West, soigneusement confectionn\u00e9s et mis en bouteille par Taste It!<\/h2>\n<h3>Qualit\u00e9 Sans Compromis:<\/h3>\n<p>Flavor West est r\u00e9put\u00e9 pour son engagement \u00e0 fournir la plus haute qualit\u00e9. Ces concentr\u00e9s de saveurs premium sont \u00e9labor\u00e9s en utilisant les meilleures pratiques de l&rsquo;industrie, garantissant des ingr\u00e9dients constants, purs et s\u00fbrs. Chez Taste It!, nous sommes fiers de mettre en bouteille ces concentr\u00e9s exceptionnels, garantissant une exp\u00e9rience de saveur extraordinaire. Faites confiance \u00e0 l&rsquo;expertise combin\u00e9e de Flavor West et de Taste It! pour vous offrir les meilleurs concentr\u00e9s de saveurs.<\/p>\n<h3>Guide de Dilution:<\/h3>\n<p>Pour obtenir le parfait \u00e9quilibre des saveurs, une dilution g\u00e9n\u00e9rale d&rsquo;environ 10% \u00e0 15% est recommand\u00e9e lors de l&rsquo;utilisation des concentr\u00e9s Flavor West dans une base 50PG\/50VG. Cependant, les pr\u00e9f\u00e9rences gustatives peuvent varier, alors n&rsquo;h\u00e9sitez pas \u00e0 ajuster la concentration selon vos go\u00fbts personnels. Commencez par un pourcentage plus faible et augmentez-le progressivement pour atteindre l&rsquo;intensit\u00e9 souhait\u00e9e, tout comme l&rsquo;ajout d&rsquo;\u00e9pices \u00e0 un chef-d&rsquo;\u0153uvre culinaire.<\/p>\n<h3>Plusieurs Formats Disponibles:<\/h3>\n<p>Chez Taste It!, nous proposons les concentr\u00e9s de saveurs Flavor West dans divers formats pratiques :<\/p>\n<ul>\n<li>Bouteilles de 10 ml : Parfaites pour des lots plus petits et pour une exp\u00e9rimentation facile.<\/li>\n<li>Bouteilles de 30 ml : Fournissent une quantit\u00e9 suffisante pour une utilisation r\u00e9guli\u00e8re.<\/li>\n<li>Bouteilles de 125 ml : Id\u00e9ales pour ceux qui aiment explorer et cr\u00e9er en plus grandes quantit\u00e9s.<\/li>\n<\/ul>\n<p>D\u00e9verrouillez vos papilles gustatives et explorez un monde de possibilit\u00e9s de saveurs avec Flavor West Aromas, soigneusement perfectionn\u00e9es par Taste It! Des profils de fruits s\u00e9duisants aux desserts d\u00e9lectables et aux boissons rafra\u00eechissantes, notre large gamme de saveurs vous permet de cr\u00e9er des concoctions inspir\u00e9es de la cuisine qui r\u00e9pondent \u00e0 vos pr\u00e9f\u00e9rences uniques. Avec la qualit\u00e9 exceptionnelle de Flavor West et l&rsquo;engagement de Taste It! envers l&rsquo;excellence de la fabrication, chaque exp\u00e9rience de saveur sera extraordinaire. Passez votre commande d\u00e8s aujourd&rsquo;hui et embarquez pour un voyage gustatif avec Flavor West et Taste It!<\/p>\n<\/div>\n<p>Faites l&rsquo;exp\u00e9rience de saveurs exceptionnelles avec Flavour Art, une marque renomm\u00e9e d\u00e9di\u00e9e \u00e0 la cr\u00e9ation de sensations gustatives premium. \u00c9levez vos cr\u00e9ations culinaires gr\u00e2ce \u00e0 leurs profils de saveurs authentiques et m\u00e9ticuleusement \u00e9labor\u00e9s.<\/p>\n","protected":false},"excerpt":{"rendered":"<p>Lib\u00e9rez votre cr\u00e9ativit\u00e9 avec Flavor West. Leur large s\u00e9lection de saveurs de haute qualit\u00e9 offre des possibilit\u00e9s illimit\u00e9es pour cr\u00e9er de d\u00e9licieuses cr\u00e9ations culinaires qui impressionneront et raviront votre palais.<\/p>\n","protected":false},"featured_media":31265,"comment_status":"open","ping_status":"closed","template":"","meta":[],"product_brand":[],"product_cat":[2156,2174,2171],"product_tag":[2429],"class_list":{"0":"post-33454","1":"product","2":"type-product","3":"status-publish","4":"has-post-thumbnail","6":"product_cat-aromes-fr","7":"product_cat-americain","8":"product_cat-tabac","9":"product_tag-le-tabac","10":"yith_product_brand-flavor-west-fr","12":"first","13":"instock","14":"taxable","15":"shipping-taxable","16":"purchasable","17":"product-type-variable"},"_links":{"self":[{"href":"https:\/\/taste-it.ca\/fr\/wp-json\/wp\/v2\/product\/33454","targetHints":{"allow":["GET"]}}],"collection":[{"href":"https:\/\/taste-it.ca\/fr\/wp-json\/wp\/v2\/product"}],"about":[{"href":"https:\/\/taste-it.ca\/fr\/wp-json\/wp\/v2\/types\/product"}],"replies":[{"embeddable":true,"href":"https:\/\/taste-it.ca\/fr\/wp-json\/wp\/v2\/comments?post=33454"}],"wp:featuredmedia":[{"embeddable":true,"href":"https:\/\/taste-it.ca\/fr\/wp-json\/wp\/v2\/media\/31265"}],"wp:attachment":[{"href":"https:\/\/taste-it.ca\/fr\/wp-json\/wp\/v2\/media?parent=33454"}],"wp:term":[{"taxonomy":"product_brand","embeddable":true,"href":"https:\/\/taste-it.ca\/fr\/wp-json\/wp\/v2\/product_brand?post=33454"},{"taxonomy":"product_cat","embeddable":true,"href":"https:\/\/taste-it.ca\/fr\/wp-json\/wp\/v2\/product_cat?post=33454"},{"taxonomy":"product_tag","embeddable":true,"href":"https:\/\/taste-it.ca\/fr\/wp-json\/wp\/v2\/product_tag?post=33454"}],"curies":[{"name":"wp","href":"https:\/\/api.w.org\/{rel}","templated":true}]}}