{"id":30254,"date":"2023-05-30T11:31:01","date_gmt":"2023-05-30T15:31:01","guid":{"rendered":"https:\/\/taste-it.ca\/product\/nanaimo-bar-par-wonder-flavours\/"},"modified":"2026-04-02T07:53:44","modified_gmt":"2026-04-02T11:53:44","slug":"nanaimo-bar-par-wonder-flavours","status":"publish","type":"product","link":"https:\/\/taste-it.ca\/fr\/product\/nanaimo-bar-par-wonder-flavours\/","title":{"rendered":"Nanaimo Bar par Wonder Flavours"},"content":{"rendered":"<h1>Wonder Flavours : des concentr\u00e9s d&rsquo;ar\u00f4mes de qualit\u00e9 sup\u00e9rieure pour des cr\u00e9ations extraordinaires<\/h1>\n<div class=\"description\">\n<h2>D\u00e9couvrez le go\u00fbt extraordinaire des saveurs merveilleuses<\/h2>\n<h3>Qualit\u00e9 in\u00e9gal\u00e9e :<\/h3>\n<p>Wonder Flavours est r\u00e9put\u00e9 pour son engagement \u00e0 fournir des concentr\u00e9s d&rsquo;ar\u00f4mes d&rsquo;une qualit\u00e9 in\u00e9gal\u00e9e. Fabriqu\u00e9s avec pr\u00e9cision et soin, ces concentr\u00e9s sont produits en utilisant les meilleurs ingr\u00e9dients et en respectant des normes de qualit\u00e9 strictes. Faites confiance \u00e0 Wonder Flavours pour vous fournir les meilleurs concentr\u00e9s de saveurs qui \u00e9l\u00e8veront vos cr\u00e9ations vers de nouveaux sommets.<\/p>\n<h3>Guide de dilution :<\/h3>\n<p>Pour obtenir le parfait \u00e9quilibre des saveurs, il est recommand\u00e9 de diluer les concentr\u00e9s Wonder Flavors \u00e0 environ 10% \u00e0 15% dans une base 50PG\/50VG. Cependant, les pr\u00e9f\u00e9rences individuelles peuvent varier, alors n&rsquo;h\u00e9sitez pas \u00e0 ajuster la concentration en fonction de vos go\u00fbts. Commencez avec un pourcentage inf\u00e9rieur et augmentez-le progressivement pour trouver l&rsquo;intensit\u00e9 et le profil de saveur souhait\u00e9s.<\/p>\n<h3>Divers formats disponibles :<\/h3>\n<p>Wonder Flavours propose des concentr\u00e9s d&rsquo;ar\u00f4mes dans diff\u00e9rentes tailles pratiques :<\/p>\n<ul>\n<li>Bouteilles de 10 ml : id\u00e9ales pour les petites quantit\u00e9s et pour essayer de nouvelles combinaisons de saveurs.<\/li>\n<li>Flacons de 30 ml : parfaits pour une utilisation r\u00e9guli\u00e8re et la confection de vos [&#8230;]s pr\u00e9f\u00e9r\u00e9s.<\/li>\n<li>Bouteilles de 125 ml : Pour ceux qui aiment cr\u00e9er de plus grandes quantit\u00e9s et exp\u00e9rimenter une large gamme de saveurs.<\/li>\n<\/ul>\n<p>Lib\u00e9rez votre cr\u00e9ativit\u00e9 et explorez un monde de possibilit\u00e9s de saveurs avec Wonder Flavours. Que vous recherchiez des profils classiques, des m\u00e9langes uniques ou des cr\u00e9ations innovantes, leur vaste gamme de concentr\u00e9s de saveurs vous inspirera pour cr\u00e9er des [&#8230;]s extraordinaires. Am\u00e9liorez votre exp\u00e9rience de [&#8230;] avec les concentr\u00e9s de qualit\u00e9 sup\u00e9rieure de Wonder Flavours et embarquez pour un voyage gustatif pas comme les autres. Passez votre commande aujourd&rsquo;hui et laissez les merveilles de la saveur enflammer votre imagination.<\/p>\n<\/div>\n","protected":false},"excerpt":{"rendered":"<p>Lib\u00e9rez vos papilles gustatives avec Wonder Flavours. Fabriqu\u00e9 avec passion et expertise, Wonder Flavors propose une large gamme de concentr\u00e9s de saveurs exceptionnels pour rehausser vos cr\u00e9ations culinaires. Explorez leurs profils de saveurs innovants et d\u00e9lectables et lancez-vous dans une aventure gustative qui enflammera votre imagination et ravira vos sens.<\/p>\n","protected":false},"featured_media":30256,"comment_status":"open","ping_status":"closed","template":"","meta":[],"product_brand":[],"product_cat":[2156,2157,2722,2701,2697,2166],"product_tag":[2213,2373],"class_list":{"0":"post-30254","1":"product","2":"type-product","3":"status-publish","4":"has-post-thumbnail","6":"product_cat-aromes-fr","7":"product_cat-canadian-fr","8":"product_cat-chocolat","9":"product_cat-creme","10":"product_cat-gateaux","11":"product_cat-gourmet-fr","12":"product_tag-biscuit-fr","13":"product_tag-chocolat","14":"yith_product_brand-wonder-flavours-fr","16":"first","17":"instock","18":"taxable","19":"shipping-taxable","20":"purchasable","21":"product-type-variable"},"_links":{"self":[{"href":"https:\/\/taste-it.ca\/fr\/wp-json\/wp\/v2\/product\/30254","targetHints":{"allow":["GET"]}}],"collection":[{"href":"https:\/\/taste-it.ca\/fr\/wp-json\/wp\/v2\/product"}],"about":[{"href":"https:\/\/taste-it.ca\/fr\/wp-json\/wp\/v2\/types\/product"}],"replies":[{"embeddable":true,"href":"https:\/\/taste-it.ca\/fr\/wp-json\/wp\/v2\/comments?post=30254"}],"wp:featuredmedia":[{"embeddable":true,"href":"https:\/\/taste-it.ca\/fr\/wp-json\/wp\/v2\/media\/30256"}],"wp:attachment":[{"href":"https:\/\/taste-it.ca\/fr\/wp-json\/wp\/v2\/media?parent=30254"}],"wp:term":[{"taxonomy":"product_brand","embeddable":true,"href":"https:\/\/taste-it.ca\/fr\/wp-json\/wp\/v2\/product_brand?post=30254"},{"taxonomy":"product_cat","embeddable":true,"href":"https:\/\/taste-it.ca\/fr\/wp-json\/wp\/v2\/product_cat?post=30254"},{"taxonomy":"product_tag","embeddable":true,"href":"https:\/\/taste-it.ca\/fr\/wp-json\/wp\/v2\/product_tag?post=30254"}],"curies":[{"name":"wp","href":"https:\/\/api.w.org\/{rel}","templated":true}]}}