{"id":37991,"date":"2023-10-10T09:14:17","date_gmt":"2023-10-10T13:14:17","guid":{"rendered":"https:\/\/taste-it.ca\/expedition\/"},"modified":"2023-10-10T09:14:17","modified_gmt":"2023-10-10T13:14:17","slug":"expedition","status":"publish","type":"page","link":"https:\/\/taste-it.ca\/fr\/expedition\/","title":{"rendered":"Exp\u00e9dition"},"content":{"rendered":"<p><strong>Exp\u00e9dition au Canada :<\/strong><\/p>\n<ul>\n<li>Pour toute commande confirm\u00e9e avant 13h00, du mardi au vendredi (jours f\u00e9ri\u00e9s exclus), l&rsquo;envoi de la commande contenant uniquement des produits DIY (ar\u00f4mes, concentr\u00e9s, bases, etc.) aura g\u00e9n\u00e9ralement lieu le jour m\u00eame, sous r\u00e9serve de la disponibilit\u00e9 des stocks.<\/li>\n<li>Nous vous fournirons rapidement un num\u00e9ro de suivi.<\/li>\n<li>Les frais d&rsquo;exp\u00e9dition couvrent l&#8217;emballage, le traitement et les co\u00fbts postaux. Nous accordons une grande importance \u00e0 l&#8217;emballage de vos articles. <strong>Cependant, nous ne pouvons \u00eatre tenus responsables des dommages caus\u00e9s par le service d&rsquo;exp\u00e9dition.<\/strong><\/li>\n<li>Les livraisons sont assur\u00e9es par Postes Canada et comprennent toutes les options d&rsquo;exp\u00e9dition disponibles.<\/li>\n<\/ul>\n<p><strong>D\u00e9lai de Livraison :<\/strong><\/p>\n<ul>\n<li>Les d\u00e9lais de livraison au Canada <strong>varient de 24 heures \u00e0 1 semaine<\/strong>, selon la distance de la province et le mode d&rsquo;exp\u00e9dition choisi.<\/li>\n<li>Les dur\u00e9es d&rsquo;exp\u00e9dition internationale <strong>peuvent varier de 2 \u00e0 8 semaines selon la m\u00e9thode de livraison choisie.<\/strong><\/li>\n<li>Par exemple: La m\u00e9thode \u201cColis de surface international de petite taille\u201d prend 4 \u00e0 8 semaines pour l&rsquo;Europe occidentale, tandis que la m\u00e9thode \u201cColis a\u00e9rien international de petite taille\u201d n\u00e9cessite 2 \u00e0 3 semaines pour l&rsquo;Europe occidentale.<\/li>\n<\/ul>\n<p><strong>Livraison Internationale :<\/strong><\/p>\n<ul>\n<li>Les exp\u00e9ditions internationales sont g\u00e9r\u00e9es par Postes Canada, avec diff\u00e9rentes options de livraison propos\u00e9es en fonction de la taille et du poids du colis.<\/li>\n<li>Il n&rsquo;y a pas de suivi pour les options \u201cColis de surface international de petite taille\u201d et \u201cColis a\u00e9rien international de petite taille\u201d.<\/li>\n<\/ul>\n<p><strong>Livraison Gratuite :<\/strong><\/p>\n<ul>\n<li><strong>Taste it! offre la livraison gratuite pour les commandes sup\u00e9rieures \u00e0 $49.99 dans tout le Canada.<\/strong><\/li>\n<li>Cette livraison gratuite s&rsquo;applique uniquement aux colis (articles + emballage) <strong>pesant moins de 3 kilogrammes.<\/strong><\/li>\n<\/ul>\n","protected":false},"excerpt":{"rendered":"<p>Exp\u00e9dition au Canada : Pour toute commande confirm\u00e9e avant 13h00, du mardi au vendredi (jours f\u00e9ri\u00e9s exclus), l&rsquo;envoi de la commande contenant uniquement des produits DIY (ar\u00f4mes, concentr\u00e9s, bases, etc.) aura g\u00e9n\u00e9ralement lieu le jour m\u00eame, sous r\u00e9serve de la disponibilit\u00e9 des stocks. Nous vous fournirons rapidement un num\u00e9ro de suivi. Les frais d&rsquo;exp\u00e9dition couvrent [&hellip;]<\/p>\n","protected":false},"author":1,"featured_media":0,"parent":0,"menu_order":0,"comment_status":"closed","ping_status":"closed","template":"","meta":{"footnotes":""},"class_list":["post-37991","page","type-page","status-publish","hentry"],"_links":{"self":[{"href":"https:\/\/taste-it.ca\/fr\/wp-json\/wp\/v2\/pages\/37991","targetHints":{"allow":["GET"]}}],"collection":[{"href":"https:\/\/taste-it.ca\/fr\/wp-json\/wp\/v2\/pages"}],"about":[{"href":"https:\/\/taste-it.ca\/fr\/wp-json\/wp\/v2\/types\/page"}],"author":[{"embeddable":true,"href":"https:\/\/taste-it.ca\/fr\/wp-json\/wp\/v2\/users\/1"}],"replies":[{"embeddable":true,"href":"https:\/\/taste-it.ca\/fr\/wp-json\/wp\/v2\/comments?post=37991"}],"version-history":[{"count":0,"href":"https:\/\/taste-it.ca\/fr\/wp-json\/wp\/v2\/pages\/37991\/revisions"}],"wp:attachment":[{"href":"https:\/\/taste-it.ca\/fr\/wp-json\/wp\/v2\/media?parent=37991"}],"curies":[{"name":"wp","href":"https:\/\/api.w.org\/{rel}","templated":true}]}}