{"id":30041,"date":"2023-06-01T11:59:09","date_gmt":"2023-06-01T15:59:09","guid":{"rendered":"https:\/\/taste-it.ca\/contactez-nous\/"},"modified":"2025-01-02T10:53:39","modified_gmt":"2025-01-02T15:53:39","slug":"contactez-nous","status":"publish","type":"page","link":"https:\/\/taste-it.ca\/fr\/contactez-nous\/","title":{"rendered":"Contactez-nous"},"content":{"rendered":"<div class=\"wpb-content-wrapper\"><p>[vc_row][vc_column width=\u00a0\u00bb1\/2&Prime; css=\u00a0\u00bb.vc_custom_1685636352327{border-top-width: 1px !important;border-bottom-width: 1px !important;border-left-width: 1px !important;padding-top: 10px !important;padding-right: 10px !important;padding-bottom: 10px !important;padding-left: 10px !important;background-color: #f4e9d4 !important;border-left-color: #8c8c8c !important;border-left-style: solid !important;border-top-color: #8c8c8c !important;border-top-style: solid !important;border-bottom-color: #8c8c8c !important;border-bottom-style: solid !important;}\u00a0\u00bb conditional_render=\u00a0\u00bb%5B%7B%22value_role%22%3A%22administrator%22%7D%5D\u00a0\u00bb][vc_column_text]<\/p>\n<h4 class=\"vc_custom_heading m-t align-left heading-primary\"><strong>Suivi de commande<\/strong><\/h4>\n<div class=\"wpb_text_column wpb_content_element \">\n<div class=\"wpb_wrapper\">\n<p>Pour les demandes de suivi de commande, un outil est disponible ici :<\/p><\/div>\n<\/div>\n<p>[\/vc_column_text]<div class=\"woocommerce\"><\/div>[vc_column_text]<\/p>\n<div class=\"wpb_text_column wpb_content_element \">\n<div class=\"wpb_wrapper\">\n<p>Il vous permettra de conna\u00eetre l&rsquo;\u00e9tat de votre commande et de suivre votre colis une fois celui-ci post\u00e9.<\/p><\/div>\n<\/div>\n<div class=\"porto-separator \">\n<hr class=\"separator-line align_center\" \/>\n<\/div>\n<h4 class=\"vc_custom_heading align-left heading-primary\"><strong>Heures d&rsquo;ouverture<\/strong><\/h4>\n<div class=\"porto-sicon-box wpb_custom_1efe903570d178ff0a9b7bfa5febd3a4 style_1 default-icon\">\n<div class=\"porto-sicon-header\">\n<ul>\n<li class=\"porto-sicon-title\">Du lundi au vendredi de 9h00 \u00e0 18h00<\/li>\n<li class=\"porto-sicon-title\">Samedi &amp; Dimanche &#8211; Ferm\u00e9<\/li>\n<\/ul>\n<\/div>\n<\/div>\n<p>[\/vc_column_text][\/vc_column][vc_column width=\u00a0\u00bb1\/2&Prime; css=\u00a0\u00bb.vc_custom_1685636364663{border-top-width: 1px !important;border-right-width: 1px !important;border-bottom-width: 1px !important;padding-top: 10px !important;padding-right: 10px !important;padding-bottom: 10px !important;padding-left: 10px !important;background-color: #eaeaea !important;border-right-color: #8c8c8c !important;border-right-style: solid !important;border-top-color: #8c8c8c !important;border-top-style: solid !important;border-bottom-color: #8c8c8c !important;border-bottom-style: solid !important;}\u00a0\u00bb conditional_render=\u00a0\u00bb%5B%7B%22value_role%22%3A%22administrator%22%7D%5D\u00a0\u00bb][vc_column_text css=\u00a0\u00bb\u00a0\u00bb css_params=\u00a0\u00bb\u00a0\u00bb]<\/p>\n<h4 class=\"vc_custom_heading m-t align-left heading-primary\"><strong>Service apr\u00e8s-vente<\/strong><\/h4>\n<div class=\"wpb_text_column wpb_content_element \">\n<div class=\"wpb_wrapper\">\n<p>Pour toute question concernant les commandes, merci d&rsquo;utiliser ce courriel :<\/p>\n<\/div>\n<\/div>\n<p>[\/vc_column_text][vc_column_text css=\u00a0\u00bb\u00a0\u00bb]Contact@taste-it.ca[\/vc_column_text][\/vc_column][\/vc_row]<\/p>\n<\/div>","protected":false},"excerpt":{"rendered":"<p>[vc_row][vc_column width=\u00a0\u00bb1\/2&Prime; css=\u00a0\u00bb.vc_custom_1685636352327{border-top-width: 1px !important;border-bottom-width: 1px !important;border-left-width: 1px !important;padding-top: 10px !important;padding-right: 10px !important;padding-bottom: 10px !important;padding-left: 10px !important;background-color: #f4e9d4 !important;border-left-color: #8c8c8c !important;border-left-style: solid !important;border-top-color: #8c8c8c !important;border-top-style: solid !important;border-bottom-color: #8c8c8c !important;border-bottom-style: solid !important;}\u00a0\u00bb conditional_render=\u00a0\u00bb%5B%7B%22value_role%22%3A%22administrator%22%7D%5D\u00a0\u00bb][vc_column_text] Suivi de commande Pour les demandes de suivi de commande, un outil est disponible ici : [\/vc_column_text][vc_column_text] Il vous permettra de conna\u00eetre l&rsquo;\u00e9tat [&hellip;]<\/p>\n","protected":false},"author":1,"featured_media":0,"parent":0,"menu_order":0,"comment_status":"closed","ping_status":"closed","template":"","meta":{"footnotes":""},"class_list":["post-30041","page","type-page","status-publish","hentry"],"_links":{"self":[{"href":"https:\/\/taste-it.ca\/fr\/wp-json\/wp\/v2\/pages\/30041","targetHints":{"allow":["GET"]}}],"collection":[{"href":"https:\/\/taste-it.ca\/fr\/wp-json\/wp\/v2\/pages"}],"about":[{"href":"https:\/\/taste-it.ca\/fr\/wp-json\/wp\/v2\/types\/page"}],"author":[{"embeddable":true,"href":"https:\/\/taste-it.ca\/fr\/wp-json\/wp\/v2\/users\/1"}],"replies":[{"embeddable":true,"href":"https:\/\/taste-it.ca\/fr\/wp-json\/wp\/v2\/comments?post=30041"}],"version-history":[{"count":1,"href":"https:\/\/taste-it.ca\/fr\/wp-json\/wp\/v2\/pages\/30041\/revisions"}],"predecessor-version":[{"id":40786,"href":"https:\/\/taste-it.ca\/fr\/wp-json\/wp\/v2\/pages\/30041\/revisions\/40786"}],"wp:attachment":[{"href":"https:\/\/taste-it.ca\/fr\/wp-json\/wp\/v2\/media?parent=30041"}],"curies":[{"name":"wp","href":"https:\/\/api.w.org\/{rel}","templated":true}]}}