{"id":21010,"date":"2023-05-22T10:00:52","date_gmt":"2023-05-22T14:00:52","guid":{"rendered":"https:\/\/taste-it.ca\/termes-et-conditions\/"},"modified":"2023-05-22T10:00:52","modified_gmt":"2023-05-22T14:00:52","slug":"termes-et-conditions","status":"publish","type":"page","link":"https:\/\/taste-it.ca\/fr\/termes-et-conditions\/","title":{"rendered":"Termes et conditions"},"content":{"rendered":"<h2>1. Objet<\/h2>\n<p>Les pr\u00e9sentes conditions g\u00e9n\u00e9rales de vente ont pour objet, en premier lieu, d&rsquo;informer tout \u00e9ventuel consommateur sur les modalit\u00e9s et conditions dans lesquelles le vendeur Taste it! Effectue la vente et la livraison des produits command\u00e9s et d&rsquo;autre part, d\u00e9finir les droits et obligations des parties dans le cadre de la vente des produits par Taste it! le consommateur (l&rsquo;\u00ab Acheteur \u00bb). Elles s&rsquo;appliquent, sans limitation ni r\u00e9serve, \u00e0 toutes les ventes de produits propos\u00e9s par Taste it! www.TASTE-IT.ca sur son site Web.<\/p>\n<p>En cons\u00e9quence, pour toute personne de commander un produit propos\u00e9 \u00e0 la vente sur le site internet de Taste it ! emporte acceptation pleine et enti\u00e8re des pr\u00e9sentes conditions g\u00e9n\u00e9rales de vente dont l&rsquo;Acheteur reconna\u00eet avoir pris connaissance pr\u00e9alablement \u00e0 sa commande.<\/p>\n<p>Les produits sont offerts \u00e0 la vente sur le territoire g\u00e9ographique suivant : Canada et \u00e0 l&rsquo;international.<br \/>\nL&rsquo;Acheteur avant sa commande, a d\u00e9clar\u00e9 que :<br \/>\n\u2013 Avoir la pleine capacit\u00e9 juridique, lui permettant de s&rsquo;engager au titre des pr\u00e9sentes conditions g\u00e9n\u00e9rales de vente.<br \/>\n\u2013 \u00catre majeur au moment de l&rsquo;achat sur le site. \u00catre majeur selon la l\u00e9gislation en vigueur du lieu (pays, provinces et \u00e9tats) de r\u00e9sidence. Taste-it! Se r\u00e9serve le droit de demander tous les re\u00e7us avant la vente finale ainsi que d&rsquo;inclure l&rsquo;option de pr\u00e9sentation de la carte d&rsquo;identit\u00e9 lors de la livraison via le service postal.<br \/>\n\u2013 Comme mentionn\u00e9, si vous passez une commande et que vous \u00eates mineur, la commande ne sera pas remboursable.<\/p>\n<p>Taste-it! se r\u00e9serve le droit de modifier \u00e0 tout moment les pr\u00e9sentes conditions g\u00e9n\u00e9rales.<\/p>\n<p>&nbsp;<\/p>\n<h2>2. Identit\u00e9 de la Soci\u00e9t\u00e9<\/h2>\n<p>Nom : Taste-it!<\/p>\n<h2>3. Acc\u00e8s au Site<\/h2>\n<p>L&rsquo;Acheteur est personnellement responsable de la mise en \u0153uvre des moyens informatiques et de t\u00e9l\u00e9communication pour acc\u00e9der au site www.jeancloudvape.com.<\/p>\n<p>L&rsquo;Acheteur conserve \u00e0 sa charge les frais de t\u00e9l\u00e9communication lors de l&rsquo;acc\u00e8s \u00e0 Internet et de l&rsquo;utilisation du site Taste it!<\/p>\n<p>&nbsp;<\/p>\n<h2>4. Formation du contrat et commandes<\/h2>\n<p><strong>4.1. Des prix<\/strong><br \/>\nprix de vente des produits en ligne sur le site de Taste it! , indiqu\u00e9s en dollars CDN, sont ceux en vigueur au moment de l&rsquo;enregistrement de la commande par l&rsquo;Acheteur.<\/p>\n<p>Ils ne comprennent pas les frais de port, factur\u00e9s en suppl\u00e9ment du prix des produits achet\u00e9s selon le montant de la commande. Les frais de port sont indiqu\u00e9s avant l&rsquo;enregistrement de la commande par l&rsquo;Acheteur.<\/p>\n<p>Le prix de vente peut \u00eatre modifi\u00e9 par Taste it! \u00e0 tout moment. Ce changement sera signal\u00e9 \u00e0 l&rsquo;Acheteur avant la commande.<\/p>\n<p><strong>4.2. Caract\u00e9ristiques du produit<\/strong><br \/>\nConform\u00e9ment au Code de la consommation, l&rsquo;Acheteur peut, pr\u00e9alablement \u00e0 sa commande, prendre connaissance sur le site internet www.taste-it.ca, des caract\u00e9ristiques essentielles du ou des produits qu&rsquo;il souhaite commander.<\/p>\n<p>L&rsquo;Acheteur s\u00e9lectionne un ou plusieurs produits parmi les diff\u00e9rentes cat\u00e9gories disponibles sur le site de Taste it!<\/p>\n<p>Les offres pr\u00e9sent\u00e9es par Taste it! sont valables jusqu&rsquo;\u00e0 \u00e9puisement des stocks. Pour les produits non stock\u00e9s dans ses entrep\u00f4ts, les offres pr\u00e9sent\u00e9es par Taste it! sont valables sous r\u00e9serve de disponibilit\u00e9 chez les fournisseurs.<br \/>\nLes articles propos\u00e9s \u00e0 la vente sur le site www.taste-it.ca par la soci\u00e9t\u00e9 Taste it! sont exclusivement propos\u00e9s aux particuliers pour un usage personnel. Toute personne physique ou morale souhaitant revendre tout ou partie des produits vendus sur le site sous la rubrique Taste-it sera sollicit\u00e9e et se verra facturer les frais de licence.<\/p>\n<p>Taste-it! se r\u00e9serve le droit de poursuivre en justice toute personne ou entit\u00e9 qui ne respecterait pas cette clause.<\/p>\n<p>Taste-it! se r\u00e9serve le droit d&rsquo;annuler une commande, de la r\u00e9silier ou de ne pas la traiter si le prix de la marchandise est incorrect.<\/p>\n<p>Taste-it! se r\u00e9serve le droit de modifier l&rsquo;assortiment de produits en fonction de contraintes particuli\u00e8res li\u00e9es \u00e0 ses fournisseurs.<\/p>\n<p>Les photographies, graphismes et descriptions des produits propos\u00e9s \u00e0 la vente ne sont qu&rsquo;indicatifs et n&rsquo;engagent pas le vendeur.<\/p>\n<p>Si un fournisseur modifie un produit, la repr\u00e9sentation graphique de celui-ci ne saurait engager la responsabilit\u00e9 du vendeur ni m\u00eame affecter la validit\u00e9 de la vente.<\/p>\n<p><strong>4.3. commande<\/strong><\/p>\n<p>Toute commande implique l&rsquo;acceptation sans restriction ni r\u00e9serve des pr\u00e9sentes conditions g\u00e9n\u00e9rales.<\/p>\n<p>A partir du moment o\u00f9 l&rsquo;acheteur a enregistr\u00e9 sa commande en cliquant sur le bouton \u00ab Valider \u00bb, il est r\u00e9put\u00e9 avoir accept\u00e9 en connaissance de cause et sans r\u00e9serve, les pr\u00e9sentes conditions g\u00e9n\u00e9rales de vente, les prix, volumes et quantit\u00e9s des produits propos\u00e9s \u00e0 la vente et command\u00e9s. Toutefois, l&rsquo;Acheteur peut annuler sa commande dans l&rsquo;heure suivant sa validation en appelant le service client Taste it!<\/p>\n<p>La commande de l&rsquo;Acheteur doit \u00eatre confirm\u00e9e par Taste it! par email. La vente ne sera consid\u00e9r\u00e9e comme d\u00e9finitive qu&rsquo;apr\u00e8s envoi \u00e0 l&rsquo;Acheteur de cette confirmation de commande par Taste it! et encaissement par lui de l&rsquo;int\u00e9gralit\u00e9 du prix.<\/p>\n<p>Go\u00fbte-le! recommande \u00e0 l&rsquo;Acheteur de conserver les informations contenues dans la confirmation de commande adress\u00e9e par Taste it! sur papier ou sur ordinateur.<\/p>\n<p>Membre d&rsquo;un r\u00e9seau de distribution s\u00e9lective, Taste it! vend des produits sur son site Web uniquement au d\u00e9tail et aux consommateurs finaux. Toute commande ne correspondant manifestement pas \u00e0 une vente au d\u00e9tail et, plus g\u00e9n\u00e9ralement, toute commande frauduleuse ou suspect\u00e9e comme telle, sera consid\u00e9r\u00e9e par Taste it ! comme nul et non avenu.<\/p>\n<h2>5. Paiement<\/h2>\n<p>Le paiement doit \u00eatre effectu\u00e9 lors de la commande en ligne par l&rsquo;Acheteur. A aucun moment, les versements ne pourront \u00eatre consid\u00e9r\u00e9s comme des arrhes ou des acomptes.<\/p>\n<p>Pour r\u00e9gler sa commande, l&rsquo;Acheteur dispose des modes de paiement suivants : virement, carte bancaire via PaySafe (voir d\u00e9tails ci-dessous).<\/p>\n<p>Cartes bancaires accept\u00e9es sur le site Taste-it! sont : carte de d\u00e9bit (Interac), Visa et Master Card.<\/p>\n<p>L&rsquo;acheteur garantit de le Taste-it! il dispose des autorisations \u00e9ventuellement n\u00e9cessaires pour utiliser le mode de paiement qu&rsquo;il aura choisi, lors de l&rsquo;enregistrement du bon de commande.<\/p>\n<p>Taste-it! se r\u00e9serve le droit de suspendre ou d&rsquo;annuler toute commande et\/ou livraison, quelle que soit sa nature et niveau d&rsquo;ex\u00e9cution en cas de non-paiement de toute somme due par l&rsquo;Acheteur, en cas d&rsquo;incident de paiement, ou en cas de fraude ou tentative de fraude concernant l&rsquo;utilisation du site Web de Taste it!<\/p>\n<p>Des p\u00e9nalit\u00e9s d&rsquo;un montant \u00e9gal au taux d&rsquo;int\u00e9r\u00eat l\u00e9gal major\u00e9 de cinq points sont applicables de plein droit aux sommes dues \u00e0 l&rsquo;issue d&rsquo;un d\u00e9lai de dix jours \u00e0 compter de la date de facturation ou d\u00e8s notification du rejet de paiement bancaire tout autre moyen de paiement. La livraison de toute nouvelle commande pourra \u00eatre suspendue en cas de retard de paiement d&rsquo;une commande pr\u00e9c\u00e9dente, nonobstant les dispositions des pr\u00e9sentes.<\/p>\n<p>Taste-it! se r\u00e9serve le droit de demander une photocopie de la carte d&rsquo;identit\u00e9 et\/ou de la carte bancaire (recto uniquement) de l&rsquo;Acheteur pour tout paiement par carte bancaire. Pour les montants sup\u00e9rieurs \u00e0 200$ CAD TTC, Taste-it! se r\u00e9serve le droit de demander une copie certifi\u00e9e conforme d&rsquo;une pi\u00e8ce d&rsquo;identit\u00e9.<\/p>\n<p>Dans le cadre de la lutte contre les fraudes sur Internet, les informations relatives \u00e0 votre commande pourront \u00eatre transmises \u00e0 des tiers pour v\u00e9rification.<\/p>\n<p>Afin d&rsquo;assurer la s\u00e9curit\u00e9 du paiement par carte bancaire, le client est tenu de transmettre \u00e0 Paysafe (service tiers de paiement s\u00e9curis\u00e9) le code de s\u00e9curit\u00e9 (CVV) de sa carte bancaire.<\/p>\n<p>Taste-it! utilise un outil de paiement s\u00e9curis\u00e9, le syst\u00e8me \u00ab PaySafe \u00bb. La s\u00e9curit\u00e9 des paiements repose sur l&rsquo;authentification de l&rsquo;Acheteur, et la confidentialit\u00e9 de l&rsquo;int\u00e9gralit\u00e9 des donn\u00e9es.<\/p>\n<p>&nbsp;<\/p>\n<h2>6. Choix des produits<\/h2>\n<p>L&rsquo;Acheteur ayant pris connaissance des produits et de leurs caract\u00e9ristiques, commercialis\u00e9s sur le site www.taste-it.ca, a sous sa seule responsabilit\u00e9 et en fonction de ses besoins pr\u00e9alablement d\u00e9termin\u00e9s avant toute commande, port\u00e9 son choix sur le ou les produits objet de la commande. En outre, l&rsquo;Acheteur connaissant seul les produits qu&rsquo;il poss\u00e8de et utilise, est seul juge de la compatibilit\u00e9 des produits command\u00e9s avec ceux qu&rsquo;il utilise.<\/p>\n<p>Il appartient exclusivement \u00e0 l&rsquo;Acheteur, s&rsquo;il ne s&rsquo;estime pas assez comp\u00e9tent, de se faire assister par un conseil.<\/p>\n<p>&nbsp;<\/p>\n<h2>7. Livraison et r\u00e9ception<\/h2>\n<p><strong>7.1. R\u00e8gles g\u00e9n\u00e9rales<\/strong><br \/>\nLes produits seront livr\u00e9s \u00e0 l&rsquo;adresse indiqu\u00e9e par l&rsquo;Acheteur sur le bon de commande.<\/p>\n<p>Par d\u00e9faut, les factures sont disponibles sur le site de l&rsquo;espace client www.taste-it.ca<\/p>\n<p>Faute de respect des proc\u00e9dures d\u00e9crites ci-apr\u00e8s, aucune r\u00e9clamation de l&rsquo;Acheteur ne sera accept\u00e9e.<br \/>\nPour toute commande confirm\u00e9e avant 13h, du mardi au vendredi (hors jours f\u00e9ri\u00e9s), l&rsquo;envoi de la commande comprenant les produits DIY (ar\u00f4mes, concentr\u00e9s, bases, etc.) s&rsquo;effectuera g\u00e9n\u00e9ralement le jour m\u00eame et dans la limite des stocks disponibles. Les commandes contenant des e-liquides et mat\u00e9riels peuvent \u00eatre diff\u00e9r\u00e9es en fonction des stocks disponibles.<\/p>\n<p>Ces d\u00e9lais sont donn\u00e9s \u00e0 titre indicatif.<\/p>\n<p>Tout d\u00e9passement de d\u00e9lai ne pourra donner lieu ni \u00e0 dommages-int\u00e9r\u00eats ni \u00e0 retenue ou annulation de la commande par l&rsquo;Acheteur.<\/p>\n<p>En tout \u00e9tat de cause, et dans l&rsquo;accord du consommateur, les produits command\u00e9s seront livr\u00e9s dans un d\u00e9lai maximum de quatre-vingt-dix jours \u00e0 compter de la date \u00e0 laquelle l&rsquo;Acheteur aura enregistr\u00e9 sa commande, sous r\u00e9serve du paiement int\u00e9gral.<\/p>\n<p>A d\u00e9faut de livraison \u00e0 l&rsquo;expiration de ce d\u00e9lai, l&rsquo;Acheteur aura la possibilit\u00e9 d&rsquo;annuler sa commande. Les sommes vers\u00e9es par l&rsquo;Acheteur lui seront rembours\u00e9es sans d\u00e9lai, \u00e0 l&rsquo;exclusion de toute autre indemnit\u00e9. L&rsquo;Acheteur doit formuler sa demande par \u00e9crit (courrier ou email \u00e0 l&rsquo;adresse indiqu\u00e9e dans la rubrique \u00ab Contactez-nous \u00bb du site Internet de Taste it ! ) ce qui permettra \u00e0 Taste it ! am\u00e9liorer la qualit\u00e9 du service qui peut \u00eatre offert \u00e0 l&rsquo;Acheteur.<\/p>\n<p>Go\u00fbte-le! puis proc\u00e9der \u00e0 une enqu\u00eate aupr\u00e8s du transporteur concern\u00e9 avant l&rsquo;annulation de la commande par l&rsquo;Acheteur et le remboursement des produits command\u00e9s et non livr\u00e9s.<\/p>\n<p>Une enqu\u00eate aupr\u00e8s du transporteur peut durer jusqu&rsquo;\u00e0 21 jours. Si pendant ce d\u00e9lai, le colis contenant le produit est retrouv\u00e9, ce sera au choix de l&rsquo;Acheteur d&rsquo;\u00eatre imm\u00e9diatement r\u00e9-achemin\u00e9 vers le point de livraison d\u00e9sign\u00e9 dans le bon de commande est retenu par Taste it ! qui proc\u00e9dera au remboursement des produits command\u00e9s non livr\u00e9s.<\/p>\n<p>Toutefois, si le colis contenant le produit command\u00e9 n&rsquo;est pas retrouv\u00e9 \u00e0 l&rsquo;issue de ce d\u00e9lai de 21 jours d&rsquo;enqu\u00eate, Go\u00fbtez-le ! proc\u00e9der au choix de l&rsquo;acheteur ou rembourser les produits command\u00e9s non livr\u00e9s \u00e0 un nouvel envoi de frais Go\u00fbtez-le ! produits command\u00e9s par l&rsquo;Acheteur.<\/p>\n<p>Dans l&rsquo;hypoth\u00e8se o\u00f9 le bien command\u00e9 ne serait plus disponible, il sera appliqu\u00e9 les dispositions vis\u00e9es \u00e0 l&rsquo;article 8. En cas d&rsquo;\u00e9change de produit(s), les frais de port seront \u00e0 la charge de l&rsquo;Acheteur.<\/p>\n<p>S&rsquo;il manque un ou plusieurs articles, nous vous contacterons par email ou par t\u00e9l\u00e9phone pour savoir si nous proc\u00e9dons \u00e0 un remboursement ou \u00e0 un \u00e9change de ceux-ci.<br \/>\nSi le client ne r\u00e9pond pas \u00e0 ces tentatives dans les 3 semaines, nous nous r\u00e9servons le droit d&rsquo;envoyer la commande et\/ou de rembourser les articles manquants.<\/p>\n<p><strong>7.2. Retour de produits<\/strong><br \/>\nLes produits vendus par le vendeur b\u00e9n\u00e9ficient de la garantie l\u00e9gale pr\u00e9vue par les articles suivants du Code civil. En cas de non-conformit\u00e9 d&rsquo;un produit, celui-ci pourra \u00eatre retourn\u00e9 au vendeur qui prendra en charge, remboursera ou \u00e9changera (sous r\u00e9serve de disponibilit\u00e9). Toutes r\u00e9clamations, demandes d&rsquo;\u00e9change, de remboursement doivent s&rsquo;effectuer via le formulaire de contact pr\u00e9sent sur le site. Les retours se feront chez le client.<\/p>\n<p>Sont exclus de la garantie les consommables : tous les ar\u00f4mes, bases, e-liquides et pour conditions d&rsquo;hygi\u00e8ne.<\/p>\n<p>Toutefois, si un client re\u00e7oit un produit qui ne fonctionne pas lors de la premi\u00e8re utilisation, il sera \u00e9chang\u00e9 d\u00e8s r\u00e9ception du produit d\u00e9fectueux (au client).<\/p>\n<p>La garantie limit\u00e9e sera nulle si le fabricant d\u00e9termine, \u00e0 sa discr\u00e9tion, que\u00a0:<br \/>\ntout \u00e9tiquetage exclusif a \u00e9t\u00e9 retir\u00e9 des Produits\u00a0; ou<br \/>\ntout dommage physique aux Produits a \u00e9t\u00e9 caus\u00e9 \u00e0 la suite d&rsquo;une mauvaise manipulation pendant ou apr\u00e8s l&rsquo;exp\u00e9dition, d&rsquo;une mauvaise utilisation, d&rsquo;une n\u00e9gligence, d&rsquo;une installation, d&rsquo;un fonctionnement, d&rsquo;une r\u00e9paration, d&rsquo;une modification, d&rsquo;un accident ou de toute autre cause non imputable \u00e0 un d\u00e9faut de fabrication de la part du fabricant ou mat\u00e9riel d\u00e9fectueux utilis\u00e9 par le fabricant pour fabriquer les produits.<\/p>\n<p><strong>8. R\u00e9servation<\/strong><br \/>\nTaste-it! conserve l&rsquo;enti\u00e8re propri\u00e9t\u00e9 des biens vendus jusqu&rsquo;au paiement int\u00e9gral de l&rsquo;int\u00e9gralit\u00e9 du prix en principal, frais et taxes compris.<\/p>\n<p><strong>9. Responsabilit\u00e9<\/strong><br \/>\nTaste-it! ne pourra \u00eatre tenue pour responsable de l&rsquo;inex\u00e9cution du contrat conclu en cas de rupture de stock ou indisponibilit\u00e9 du produit du fait d&rsquo;un cas de force majeure, de perturbation ou gr\u00e8ve totale ou partielle notamment des services postaux et moyens de transport et\/ou communications.<\/p>\n<p>Go\u00fbte-le! ne pourra \u00eatre tenu responsable des dommages qui pourraient survenir du fait de l&rsquo;achat des produits.<\/p>\n<p>Go\u00fbte-le! ne saurait \u00eatre responsable d&rsquo;\u00e9ventuelles pertes de donn\u00e9es ou de fichiers. Il appartient \u00e0 l&rsquo;Acheteur de proc\u00e9der \u00e0 toutes les sauvegardes n\u00e9cessaires concernant sa (ses) commande(s).<\/p>\n<p>Le site www.taste-it.ca contient \u00e9galement des informations provenant de tiers, et des liens vers d&rsquo;autres sites Internet. Go\u00fbte-le! ne pourra en aucun cas \u00eatre tenu responsable des dommages r\u00e9sultant de l&rsquo;utilisation, de l&rsquo;acc\u00e8s ou de l&rsquo;impossibilit\u00e9 d&rsquo;utiliser ces informations tierces, ni du contenu d&rsquo;autres sites Internet.<\/p>\n<p>&nbsp;<\/p>\n<h2>10. Invalidit\u00e9 partielle<\/h2>\n<p>Si une ou plusieurs stipulations des pr\u00e9sentes conditions g\u00e9n\u00e9rales sont tenues pour non valides ou d\u00e9clar\u00e9es comme telles en application d&rsquo;une loi, d&rsquo;un r\u00e8glement ou \u00e0 la suite d&rsquo;une d\u00e9cision d\u00e9finitive d&rsquo;une juridiction comp\u00e9tente, les autres stipulations garderont toute leur force et leur port\u00e9e.<\/p>\n<p>&nbsp;<\/p>\n<h2>11. Aucune renonciation<\/h2>\n<p>Le d\u00e9faut de l&rsquo;une des parties de ne pas se pr\u00e9valoir d&rsquo;un manquement \u00e0 l&rsquo;autre partie \u00e0 l&rsquo;une quelconque des obligations contenues dans les pr\u00e9sentes conditions g\u00e9n\u00e9rales de vente ne pourra \u00eatre interpr\u00e9t\u00e9 pour l&rsquo;avenir comme une renonciation \u00e0 l&rsquo;obligation en cause.<\/p>\n<p>&nbsp;<\/p>\n<h2>12. Droit applicable et juridiction<\/h2>\n<p>Ventes de produits de l&rsquo;entreprise Go\u00fbtez-y ! sont assujettis au droit canadien. Tout litige concernant l&rsquo;interpr\u00e9tation, l&rsquo;ex\u00e9cution ou la rupture du contrat entre Taste it! et l&rsquo;Acheteur, m\u00eame en cas de pluralit\u00e9 de d\u00e9fendeurs, rel\u00e8vera, \u00e0 d\u00e9faut d&rsquo;accord, de la comp\u00e9tence exclusive des tribunaux de Toronto.<\/p>\n<p>&nbsp;<\/p>\n<h2>13. \u00ab\u00a0Protection des donn\u00e9es\u00a0\u00bb<\/h2>\n<p>Les informations recueillies par Taste it! dans toute commande de l&rsquo;Acheteur sont n\u00e9cessaires \u00e0 la gestion de sa commande par Taste it! et ses partenaires commerciaux. Conform\u00e9ment \u00e0 la loi, l&rsquo;Acheteur dispose d&rsquo;un droit d&rsquo;acc\u00e8s, de rectification, d&rsquo;opposition et de suppression des donn\u00e9es relatives \u00e0 Taste it! en envoyant un courrier au Service Client Go\u00fbtez-y ! (Coordonn\u00e9es sur le site Web \u00ab\u00a0Contactez-nous\u00a0\u00bb de Taste it!).<\/p>\n<p>Gr\u00e2ce \u00e0 Go\u00fbtez-le! , L&rsquo;Acheteur a express\u00e9ment donn\u00e9 son contenu, peut \u00eatre amen\u00e9 \u00e0 recevoir des offres commerciales d&rsquo;autres organismes ou entreprises, ou \u00eatre inform\u00e9 des offres de Taste it ! Si l&rsquo;Acheteur ne souhaite pas recevoir ces propositions, il peut en informerTaste it! par courrier ou par e-mail (coordonn\u00e9es fournies dans le site \u00ab Contactez-nous \u00bb de Taste it ! .).<\/p>\n<p>Go\u00fbte-le! se r\u00e9serve le droit d&rsquo;implanter des cookies sur l&rsquo;ordinateur des visiteurs de son site. Un cookie ne permet pas de le go\u00fbter ! identifier les visiteurs de son site Web. De mani\u00e8re g\u00e9n\u00e9rale, il enregistre des informations relatives \u00e0 l&rsquo;ordinateur de navigation des visiteurs du site Taste it! (Les pages qui ont \u00e9t\u00e9 visit\u00e9es, la date et l&rsquo;heure de la consultation, etc\u2026) comme Go\u00fbtez-y ! peuvent lire lors de visites ult\u00e9rieures \u00e0 ces utilisateurs. Dans ce cas, il contient des informations que le visiteur doit fournir Go\u00fbtez-y ! Ainsi, le visiteur n&rsquo;a pas besoin lors de sa prochaine visite de remplir \u00e0 nouveau le formulaire Taste it! lui offrit.<\/p>\n<p>Le visiteur a le droit de s&rsquo;opposer \u00e0 l&rsquo;enregistrement de \u00ab cookies \u00bb en configurant son navigateur. Chaque navigateur \u00e9tant diff\u00e9rent, les visiteurs doivent v\u00e9rifier dans le menu \u00ab Aide \u00bb du navigateur comment modifier les pr\u00e9f\u00e9rences concernant les cookies. Cependant certaines fonctionnalit\u00e9s du site Taste it! ne peut \u00eatre utilis\u00e9 si le visiteur refuse l&rsquo;installation.<\/p>\n","protected":false},"excerpt":{"rendered":"<p>1. Objet Les pr\u00e9sentes conditions g\u00e9n\u00e9rales de vente ont pour objet, en premier lieu, d&rsquo;informer tout \u00e9ventuel consommateur sur les modalit\u00e9s et conditions dans lesquelles le vendeur Taste it! Effectue la vente et la livraison des produits command\u00e9s et d&rsquo;autre part, d\u00e9finir les droits et obligations des parties dans le cadre de la vente des [&hellip;]<\/p>\n","protected":false},"author":1,"featured_media":0,"parent":0,"menu_order":0,"comment_status":"closed","ping_status":"closed","template":"","meta":{"footnotes":""},"class_list":["post-21010","page","type-page","status-publish","hentry"],"_links":{"self":[{"href":"https:\/\/taste-it.ca\/fr\/wp-json\/wp\/v2\/pages\/21010","targetHints":{"allow":["GET"]}}],"collection":[{"href":"https:\/\/taste-it.ca\/fr\/wp-json\/wp\/v2\/pages"}],"about":[{"href":"https:\/\/taste-it.ca\/fr\/wp-json\/wp\/v2\/types\/page"}],"author":[{"embeddable":true,"href":"https:\/\/taste-it.ca\/fr\/wp-json\/wp\/v2\/users\/1"}],"replies":[{"embeddable":true,"href":"https:\/\/taste-it.ca\/fr\/wp-json\/wp\/v2\/comments?post=21010"}],"version-history":[{"count":0,"href":"https:\/\/taste-it.ca\/fr\/wp-json\/wp\/v2\/pages\/21010\/revisions"}],"wp:attachment":[{"href":"https:\/\/taste-it.ca\/fr\/wp-json\/wp\/v2\/media?parent=21010"}],"curies":[{"name":"wp","href":"https:\/\/api.w.org\/{rel}","templated":true}]}}