{"id":20994,"date":"2023-05-20T10:09:56","date_gmt":"2023-05-20T14:09:56","guid":{"rendered":"https:\/\/taste-it.ca\/a-propos\/"},"modified":"2023-06-06T21:42:40","modified_gmt":"2023-06-07T01:42:40","slug":"a-propos","status":"publish","type":"page","link":"https:\/\/taste-it.ca\/fr\/a-propos\/","title":{"rendered":"\u00c0 propos"},"content":{"rendered":"<div class=\"wpb-content-wrapper\"><p>[vc_row][vc_column width=\u00a0\u00bb1\/2&Prime;][vc_column_text]<strong><img loading=\"lazy\" decoding=\"async\" class=\"size-full wp-image-20971 alignleft\" src=\"https:\/\/taste-it.ca\/wp-content\/uploads\/2023\/05\/orange-transparent-175px.png\" alt=\"\" width=\"175\" height=\"57\" \/><\/strong><\/p>\n<p><strong>Bienvenue chez Taste It!<\/strong> &#8211; Votre destination unique pour tous les ar\u00f4mes culinaires et au-del\u00e0.<\/p>\n<p>Chez Taste It!, nous nous engageons \u00e0 fournir \u00e0 nos clients les solutions aromatiques les plus raffin\u00e9es, les plus diversifi\u00e9es et les plus comp\u00e9titives dans tout le Canada. Notre mission est de transformer votre voyage culinaire avec notre gamme exceptionnelle d&rsquo;ar\u00f4mes de haute qualit\u00e9. Que vous soyez un chef professionnel, un passionn\u00e9 de cuisine ou quelqu&rsquo;un qui aime exp\u00e9rimenter la nourriture et les saveurs, Taste It! a quelque chose pour tout le monde.<\/p>\n<p>\u00c9tabli et op\u00e9rant au c\u0153ur du Canada, notre engagement \u00e0 servir nos clients est in\u00e9gal\u00e9. Nous comprenons le r\u00f4le central que jouent les saveurs dans votre cuisine, c&rsquo;est pourquoi nous nous procurons les meilleurs ar\u00f4mes les plus authentiques du monde entier. Avec une vaste collection de plus de 500 ar\u00f4mes diff\u00e9rents, nous offrons fi\u00e8rement la gamme la plus compl\u00e8te au Canada, nous assurant de r\u00e9pondre \u00e0 tous vos besoins en saveurs.<\/p>\n<p>Notre recette secr\u00e8te est simple :<strong> qualit\u00e9, diversit\u00e9 et prix abordable<\/strong>. Avec Taste It!, vous n&rsquo;avez pas \u00e0 faire de compromis. Notre \u00e9quipe travaille continuellement dur pour s&rsquo;assurer que nos clients obtiennent le meilleur sans se br\u00fbler les poches. Nos prix comp\u00e9titifs ne signifient pas que nous faisons des compromis sur la qualit\u00e9. Chaque produit aromatique que nous vendons est soumis \u00e0 des tests de contr\u00f4le de qualit\u00e9 rigoureux, garantissant que ce que vous obtenez n&rsquo;est rien d&rsquo;autre que le meilleur.<\/p>\n<p>Nous croyons qu&rsquo;il est important de rendre votre exp\u00e9rience d&rsquo;achat fluide et agr\u00e9able. Avec notre site Web facile \u00e0 naviguer et une \u00e9quipe de professionnels du service client sympathiques pr\u00eats \u00e0 vous aider, nous vous promettons une exp\u00e9rience de magasinage in\u00e9gal\u00e9e.<\/p>\n<p>Chez Taste It!, nous sommes plus qu&rsquo;un simple magasin d&rsquo;ar\u00f4mes\u00a0; nous sommes une communaut\u00e9 passionn\u00e9e par les saveurs. Notre engagement \u00e0 fournir qualit\u00e9 et satisfaction reste in\u00e9branlable. Alors n&rsquo;h\u00e9sitez plus, d\u00e9couvrez vos saveurs pr\u00e9f\u00e9r\u00e9es, explorez de nouvelles cuisines, et faites voyager vos papilles avec Taste It !<\/p>\n<p><em><strong>Bienvenue dans notre monde, un monde rempli de saveurs et d&rsquo;ar\u00f4mes. Bienvenue chez Taste It!<\/strong><\/em>[\/vc_column_text][\/vc_column][vc_column width=\u00a0\u00bb1\/2&Prime;][vc_single_image image=\u00a0\u00bb31740&Prime; img_size=\u00a0\u00bbfull\u00a0\u00bb label=\u00a0\u00bb\u00a0\u00bb][\/vc_column][\/vc_row]<\/p>\n<\/div>","protected":false},"excerpt":{"rendered":"<p>[vc_row][vc_column width=\u00a0\u00bb1\/2&Prime;][vc_column_text] Bienvenue chez Taste It! &#8211; Votre destination unique pour tous les ar\u00f4mes culinaires et au-del\u00e0. Chez Taste It!, nous nous engageons \u00e0 fournir \u00e0 nos clients les solutions aromatiques les plus raffin\u00e9es, les plus diversifi\u00e9es et les plus comp\u00e9titives dans tout le Canada. Notre mission est de transformer votre voyage culinaire avec notre [&hellip;]<\/p>\n","protected":false},"author":1,"featured_media":0,"parent":0,"menu_order":0,"comment_status":"closed","ping_status":"closed","template":"","meta":{"footnotes":""},"class_list":["post-20994","page","type-page","status-publish","hentry"],"_links":{"self":[{"href":"https:\/\/taste-it.ca\/fr\/wp-json\/wp\/v2\/pages\/20994","targetHints":{"allow":["GET"]}}],"collection":[{"href":"https:\/\/taste-it.ca\/fr\/wp-json\/wp\/v2\/pages"}],"about":[{"href":"https:\/\/taste-it.ca\/fr\/wp-json\/wp\/v2\/types\/page"}],"author":[{"embeddable":true,"href":"https:\/\/taste-it.ca\/fr\/wp-json\/wp\/v2\/users\/1"}],"replies":[{"embeddable":true,"href":"https:\/\/taste-it.ca\/fr\/wp-json\/wp\/v2\/comments?post=20994"}],"version-history":[{"count":0,"href":"https:\/\/taste-it.ca\/fr\/wp-json\/wp\/v2\/pages\/20994\/revisions"}],"wp:attachment":[{"href":"https:\/\/taste-it.ca\/fr\/wp-json\/wp\/v2\/media?parent=20994"}],"curies":[{"name":"wp","href":"https:\/\/api.w.org\/{rel}","templated":true}]}}